{"id":985,"date":"2024-08-01T15:57:22","date_gmt":"2024-08-01T15:57:22","guid":{"rendered":"https:\/\/e-cupstone.pl\/?post_type=product&#038;p=985"},"modified":"2026-03-31T22:01:52","modified_gmt":"2026-03-31T20:01:52","slug":"ovaler-sockel","status":"publish","type":"product","link":"https:\/\/e-cupstone.pl\/de\/produkt\/owalna-podstawka","title":{"rendered":"Silikonform \u201eOvale Untertasse\u201d"},"content":{"rendered":"<div class=\"gb-element-81b830bc grid-2\">\n<div>\n<h2 class=\"gb-text\">Silikonform \u201eOvale Untertasse\u201d<\/h2>\n\n\n\n<p class=\"gb-text\">Wir pr\u00e4sentieren die Silikonform - Ovaler St\u00e4nder aus hochwertigem Silikon. Sie ist ideal f\u00fcr die Herstellung von Gips- und Betonprodukten. Diese Form wurde aus haltbarem und flexiblem Silikon hergestellt, wodurch sich die fertigen Produkte leicht aus der Form l\u00f6sen lassen. Der Betriebstemperaturbereich dieses Produkts liegt zwischen -60\u00b0C und +250\u00b0C.<br><br>Das fertige Gipsprodukt wiegt ca. 160 g, und unten sind die Abmessungen des fertigen Produkts angegeben:<\/p>\n\n\n\n<ul class=\"wp-block-list\">\n<li>\u00c4u\u00dfere L\u00e4nge: 180 mm<\/li>\n\n\n\n<li>H\u00f6he: 15 mm<\/li>\n\n\n\n<li>\u00c4u\u00dfere Breite: 95 mm<\/li>\n\n\n\n<li>Tiefe: 5 mm<\/li>\n\n\n\n<li>Wandst\u00e4rke: 5 mm<\/li>\n<\/ul>\n\n\n\n<p class=\"gb-text\">Diese Eigenschaften unserer Silikonformen garantieren, dass die von Ihnen hergestellten Produkte detailgetreu und von hoher Qualit\u00e4t sind.<\/p>\n<\/div>\n\n\n\n<div>\n<img loading=\"lazy\" decoding=\"async\" width=\"1080\" height=\"1080\" class=\"gb-media-64ae5c12\" alt=\"Silikonform f\u00fcr Polymergips &quot;Ovaler St\u00e4nder&quot;\" src=\"https:\/\/e-cupstone.pl\/wp-content\/uploads\/2024\/08\/b7cb0496e88b75abf1528f87d7d3bc92.jpg\" title=\"b7cb0496e88b75abf1528f87d7d3bc92\" srcset=\"https:\/\/e-cupstone.pl\/wp-content\/uploads\/2024\/08\/b7cb0496e88b75abf1528f87d7d3bc92.jpg 1080w, https:\/\/e-cupstone.pl\/wp-content\/uploads\/2024\/08\/b7cb0496e88b75abf1528f87d7d3bc92-300x300.jpg 300w, https:\/\/e-cupstone.pl\/wp-content\/uploads\/2024\/08\/b7cb0496e88b75abf1528f87d7d3bc92-1024x1024.jpg 1024w, https:\/\/e-cupstone.pl\/wp-content\/uploads\/2024\/08\/b7cb0496e88b75abf1528f87d7d3bc92-150x150.jpg 150w, https:\/\/e-cupstone.pl\/wp-content\/uploads\/2024\/08\/b7cb0496e88b75abf1528f87d7d3bc92-768x768.jpg 768w, https:\/\/e-cupstone.pl\/wp-content\/uploads\/2024\/08\/b7cb0496e88b75abf1528f87d7d3bc92-600x600.jpg 600w, https:\/\/e-cupstone.pl\/wp-content\/uploads\/2024\/08\/b7cb0496e88b75abf1528f87d7d3bc92-100x100.jpg 100w, https:\/\/e-cupstone.pl\/wp-content\/uploads\/2024\/08\/b7cb0496e88b75abf1528f87d7d3bc92-50x50.jpg 50w, https:\/\/e-cupstone.pl\/wp-content\/uploads\/2024\/08\/b7cb0496e88b75abf1528f87d7d3bc92-64x64.jpg 64w\" sizes=\"auto, (max-width: 1080px) 100vw, 1080px\" \/>\n<\/div>\n<\/div>","protected":false},"excerpt":{"rendered":"<p>Forma silikonowa &#8222;Owalna podstawka&#8221; Prezentujemy form\u0119 silikonow\u0105 &#8211; Owaln\u0105 podstawk\u0119 wykonan\u0105 z wysokiej jako\u015bci silikonu. Jest idealna do tworzenia wyrob\u00f3w z gipsu i betonu. Ta forma zosta\u0142a stworzona z wytrzyma\u0142ego i elastycznego silikonu, co umo\u017cliwia \u0142atwe wyjmowanie gotowych wyrob\u00f3w z formy. Zakres temperatury eksploatacji tego produktu mie\u015bci si\u0119 w przedziale od -60\u00b0C do +250\u00b0C. Gotowy [&hellip;]<\/p>\n","protected":false},"featured_media":40594,"comment_status":"open","ping_status":"closed","template":"","meta":{"_acf_changed":false},"product_brand":[42],"product_cat":[33],"product_tag":[],"class_list":{"0":"post-985","1":"product","2":"type-product","3":"status-publish","4":"has-post-thumbnail","6":"product_brand-e-cupstone","7":"product_cat-formy-silikonowe","9":"first","10":"instock","11":"taxable","12":"shipping-taxable","13":"purchasable","14":"product-type-simple"},"acf":[],"_links":{"self":[{"href":"https:\/\/e-cupstone.pl\/de\/wp-json\/wp\/v2\/product\/985","targetHints":{"allow":["GET"]}}],"collection":[{"href":"https:\/\/e-cupstone.pl\/de\/wp-json\/wp\/v2\/product"}],"about":[{"href":"https:\/\/e-cupstone.pl\/de\/wp-json\/wp\/v2\/types\/product"}],"replies":[{"embeddable":true,"href":"https:\/\/e-cupstone.pl\/de\/wp-json\/wp\/v2\/comments?post=985"}],"wp:featuredmedia":[{"embeddable":true,"href":"https:\/\/e-cupstone.pl\/de\/wp-json\/wp\/v2\/media\/40594"}],"wp:attachment":[{"href":"https:\/\/e-cupstone.pl\/de\/wp-json\/wp\/v2\/media?parent=985"}],"wp:term":[{"taxonomy":"product_brand","embeddable":true,"href":"https:\/\/e-cupstone.pl\/de\/wp-json\/wp\/v2\/product_brand?post=985"},{"taxonomy":"product_cat","embeddable":true,"href":"https:\/\/e-cupstone.pl\/de\/wp-json\/wp\/v2\/product_cat?post=985"},{"taxonomy":"product_tag","embeddable":true,"href":"https:\/\/e-cupstone.pl\/de\/wp-json\/wp\/v2\/product_tag?post=985"}],"curies":[{"name":"wp","href":"https:\/\/api.w.org\/{rel}","templated":true}]}}