{"id":736,"date":"2024-08-01T13:34:24","date_gmt":"2024-08-01T13:34:24","guid":{"rendered":"https:\/\/e-cupstone.pl\/?post_type=product&#038;p=736"},"modified":"2026-04-17T09:56:17","modified_gmt":"2026-04-17T07:56:17","slug":"polymer-gips-handicast-65mpa","status":"publish","type":"product","link":"https:\/\/e-cupstone.pl\/de\/produkt\/gips-polimerowy-handicast-65mpa","title":{"rendered":"HandiCast Polymer-Gips"},"content":{"rendered":"<div class=\"gb-element-81b830bc grid-2\">\n<div>\n<h2 class=\"gb-text\">HandiCast - gebrauchsfertige, trockene Mineral-Polymer-Masse f\u00fcr dekorativen Guss und<br>verwendbar<\/h2>\n\n\n\n<p class=\"gb-text\"><strong>Sehr harter, gebrauchsfertiger Polymergips HandiCast<\/strong><br>Sehr harter, gebrauchsfertiger Polymergips HandiCast. Ideal f\u00fcr die pr\u00e4zise Abbildung der Formoberfl\u00e4che. Reduzieren Sie die Verarbeitungszeit mit der gebrauchsfertigen Gipsmischung.<br>Farbe: grau-beige.<\/p>\n\n\n\n<h2 class=\"gb-text\"><strong>Produktbeschreibung - HandiCast Polymergips:<\/strong><\/h2>\n\n\n\n<p class=\"gb-text\">Polymerer Gussgips mit au\u00dfergew\u00f6hnlicher H\u00e4rte und mechanischer Festigkeit. Eine gebrauchsfertige Gipsmischung, die genaue Formoberfl\u00e4chen ohne Krusten- und Nadelbildung gew\u00e4hrleistet. HandiCast Polymergips reduziert die Prozesszeit, da die Auswahl der Zutaten entf\u00e4llt.<\/p>\n<\/div>\n\n\n\n<div>\n<img loading=\"lazy\" decoding=\"async\" width=\"1680\" height=\"1680\" class=\"gb-media-64ae5c12\" alt=\"Wei\u00dfer Polymergips zum Trocknen gegossen\" src=\"https:\/\/e-cupstone.pl\/wp-content\/uploads\/2024\/08\/Gips-polimerowy-65MPa_14.jpg\" title=\"Gips-polimerowy-65MPa_14\" srcset=\"https:\/\/e-cupstone.pl\/wp-content\/uploads\/2024\/08\/Gips-polimerowy-65MPa_14.jpg 1680w, https:\/\/e-cupstone.pl\/wp-content\/uploads\/2024\/08\/Gips-polimerowy-65MPa_14-300x300.jpg 300w, https:\/\/e-cupstone.pl\/wp-content\/uploads\/2024\/08\/Gips-polimerowy-65MPa_14-1024x1024.jpg 1024w, https:\/\/e-cupstone.pl\/wp-content\/uploads\/2024\/08\/Gips-polimerowy-65MPa_14-150x150.jpg 150w, https:\/\/e-cupstone.pl\/wp-content\/uploads\/2024\/08\/Gips-polimerowy-65MPa_14-768x768.jpg 768w, https:\/\/e-cupstone.pl\/wp-content\/uploads\/2024\/08\/Gips-polimerowy-65MPa_14-1536x1536.jpg 1536w, https:\/\/e-cupstone.pl\/wp-content\/uploads\/2024\/08\/Gips-polimerowy-65MPa_14-12x12.jpg 12w, https:\/\/e-cupstone.pl\/wp-content\/uploads\/2024\/08\/Gips-polimerowy-65MPa_14-600x600.jpg 600w, https:\/\/e-cupstone.pl\/wp-content\/uploads\/2024\/08\/Gips-polimerowy-65MPa_14-100x100.jpg 100w, https:\/\/e-cupstone.pl\/wp-content\/uploads\/2024\/08\/Gips-polimerowy-65MPa_14-64x64.jpg 64w\" sizes=\"auto, (max-width: 1680px) 100vw, 1680px\" \/>\n<\/div>\n<\/div>\n\n\n\n<div class=\"gb-element-10c6e9cc grid-2\">\n<div class=\"order-2\">\n<img loading=\"lazy\" decoding=\"async\" width=\"960\" height=\"1280\" class=\"gb-media-23b37241\" alt=\"Blumentopfform aus Silikon\" src=\"https:\/\/e-cupstone.pl\/wp-content\/uploads\/2024\/08\/Gips-polimerowy-65MPa_17.jpg\" title=\"Gips-polimerowy-65MPa_17\" srcset=\"https:\/\/e-cupstone.pl\/wp-content\/uploads\/2024\/08\/Gips-polimerowy-65MPa_17.jpg 960w, https:\/\/e-cupstone.pl\/wp-content\/uploads\/2024\/08\/Gips-polimerowy-65MPa_17-225x300.jpg 225w, https:\/\/e-cupstone.pl\/wp-content\/uploads\/2024\/08\/Gips-polimerowy-65MPa_17-768x1024.jpg 768w, https:\/\/e-cupstone.pl\/wp-content\/uploads\/2024\/08\/Gips-polimerowy-65MPa_17-9x12.jpg 9w, https:\/\/e-cupstone.pl\/wp-content\/uploads\/2024\/08\/Gips-polimerowy-65MPa_17-600x800.jpg 600w, https:\/\/e-cupstone.pl\/wp-content\/uploads\/2024\/08\/Gips-polimerowy-65MPa_17-64x85.jpg 64w\" sizes=\"auto, (max-width: 960px) 100vw, 960px\" \/>\n<\/div>\n\n\n\n<div>\n<h2 class=\"gb-text\"><strong>Zusammensetzung und Eigenschaften von HandiCast-Polymerputz:<\/strong><\/h2>\n\n\n\n<p class=\"gb-text\">Die Mischung besteht aus hochfestem Gips, Acrylpolymeren, mineralischen F\u00fcllstoffen und modifizierenden Zusatzstoffen. HandiCast Polymergips ist eine homogen gemischte, gebrauchsfertige Trockenmischung mit hellgrauer Farbe. Dank seiner Inhaltsstoffe enth\u00e4lt HandiCast-Gips keine sch\u00e4dlichen Stoffe und eignet sich zum Gie\u00dfen ohne R\u00fctteltisch.<\/p>\n\n\n\n<h2 class=\"gb-text\"><strong><strong>Anwendung und Parameter des HandiCast-Gipses:<\/strong><\/strong><\/h2>\n\n\n\n<p class=\"gb-text\">Dieser HandiCast-Polymergips eignet sich perfekt f\u00fcr Skulpturen, 3D-Gipspaneele, Dekorationen mit komplexen Formen sowie f\u00fcr die Garten- und Parkarchitektur. HandiCast-Gips gew\u00e4hrleistet eine optimale Verarbeitungszeit und beseitigt Probleme im Zusammenhang mit der Dosierung von Zutaten.<\/p>\n\n\n\n<ul class=\"wp-block-list\">\n<li>Die Abbindezeit betr\u00e4gt 40-90 Minuten.<\/li>\n\n\n\n<li>Druckfestigkeit nach 72 Stunden: ~65 MPa. (ungef\u00e4hrer Wert, abh\u00e4ngig von der Materialvorbereitung und den Aush\u00e4rtungsbedingungen)<\/li>\n\n\n\n<li><strong>Wasser-Gips-Verh\u00e4ltnis - 25\/100<\/strong><\/li>\n<\/ul>\n\n\n\n<p class=\"gb-text\">(Die angegebene Wassermenge ist eine ungef\u00e4hre Angabe, das Verh\u00e4ltnis sollte vor der Anwendung je nach den Anforderungen und der Art\/Gr\u00f6\u00dfe der Form, in die gegossen wird, gew\u00e4hlt werden).<\/p>\n<\/div>\n<\/div>\n\n\n\n<div class=\"gb-element-4873e7e9 grid-2\">\n<div>\n<h2 class=\"gb-text\"><strong><strong>Empfehlungen f\u00fcr die Arbeit mit HandiCast-Polymerputz:<\/strong><\/strong><\/h2>\n\n\n\n<p class=\"gb-text\">Proportionen: Denken Sie daran, den HandiCast-Polymergips dem Wasser hinzuzuf\u00fcgen, nicht andersherum. Messen Sie zun\u00e4chst die richtige Menge Wasser ab und f\u00fcgen Sie dann nach und nach den Gips hinzu, wobei Sie sich an die auf der Verpackung angegebenen Mengenverh\u00e4ltnisse halten m\u00fcssen. Die Proportionen k\u00f6nnen je nach Gips variieren, daher lohnt es sich immer, das Etikett auf der Packung zu \u00fcberpr\u00fcfen. Bei der Zugabe von Trockenpigmenten ziehen Sie die richtige Pigmentmenge von der abgemessenen Gipsmenge ab und mischen die trockenen Bestandteile trocken, bevor Sie das Wasser hinzuf\u00fcgen.<br>Mischen: kann entweder manuell mit einem Kunststoffspatel oder maschinell mit einem&nbsp;<a href=\"https:\/\/e-cupstone.pl\/de\/produkt\/ruhrer-fur-polymerputz-und-schalenstein\/\" target=\"_blank\" rel=\"noreferrer noopener\">E-CUPSTONE Polymer-Putzmischer<\/a>. Gie\u00dfen Sie das Wasser in ein geeignetes Gef\u00e4\u00df und f\u00fcgen Sie dann nach und nach den Gips hinzu, wobei Sie mindestens 90 Sekunden lang ununterbrochen r\u00fchren. Es ist wichtig, dass Sie alle Zutaten gr\u00fcndlich mischen, bis Sie eine gleichm\u00e4\u00dfige, glatte Konsistenz haben. Achten Sie darauf, dass Sie alle Teile der Mischung vermischen.<br>Ausgie\u00dfen der Mischung: Sobald die Gipsmischung gleichm\u00e4\u00dfig ist, gie\u00dfen Sie sie in eine geeignete Form oder auf die Zielfl\u00e4che. Vergewissern Sie sich, dass die Form oder die Oberfl\u00e4che zuvor ordnungsgem\u00e4\u00df vorbereitet wurde.<\/p>\n\n\n\n<h2 class=\"gb-text\"><strong><strong><strong>Wichtige Informationen \u00fcber HandiCast-Polymerputz:<\/strong><\/strong><\/strong><\/h2>\n\n\n\n<p class=\"gb-text\">Farbabweichungen bei HandiCast-Polymergips, der aus nat\u00fcrlichem Gips hergestellt wird, k\u00f6nnen durch Umweltfaktoren wie Temperatur, Feuchtigkeit und die Zusammensetzung der bei der Herstellung verwendeten nat\u00fcrlichen Rohstoffe verursacht werden. Diese Variablen beeinflussen den endg\u00fcltigen Farbton des Produkts. Wir empfehlen einen Probeabguss vor der vollst\u00e4ndigen Anwendung.<\/p>\n<\/div>\n\n\n\n<div>\n<img loading=\"lazy\" decoding=\"async\" width=\"960\" height=\"1280\" class=\"gb-media-fb5989da\" alt=\"Skulptur aus Polymergips\" src=\"https:\/\/e-cupstone.pl\/wp-content\/uploads\/2024\/08\/Gips-polimerowy-65MPa_19.jpg\" title=\"Gips-polimerowy-65MPa_19\" srcset=\"https:\/\/e-cupstone.pl\/wp-content\/uploads\/2024\/08\/Gips-polimerowy-65MPa_19.jpg 960w, https:\/\/e-cupstone.pl\/wp-content\/uploads\/2024\/08\/Gips-polimerowy-65MPa_19-225x300.jpg 225w, https:\/\/e-cupstone.pl\/wp-content\/uploads\/2024\/08\/Gips-polimerowy-65MPa_19-768x1024.jpg 768w, https:\/\/e-cupstone.pl\/wp-content\/uploads\/2024\/08\/Gips-polimerowy-65MPa_19-9x12.jpg 9w, https:\/\/e-cupstone.pl\/wp-content\/uploads\/2024\/08\/Gips-polimerowy-65MPa_19-600x800.jpg 600w, https:\/\/e-cupstone.pl\/wp-content\/uploads\/2024\/08\/Gips-polimerowy-65MPa_19-64x85.jpg 64w\" sizes=\"auto, (max-width: 960px) 100vw, 960px\" \/>\n<\/div>\n<\/div>\n\n\n\n<div class=\"gb-element-a2d06769 grid-2\">\n<div class=\"order-2\">\n<img loading=\"lazy\" decoding=\"async\" width=\"960\" height=\"1280\" class=\"gb-media-f931a83f\" alt=\"Polymergipsform f\u00fcr eine Kerze\" src=\"https:\/\/e-cupstone.pl\/wp-content\/uploads\/2024\/08\/Gips-polimerowy-65MPa_16.jpg\" title=\"Gips-polimerowy-65MPa_16\" srcset=\"https:\/\/e-cupstone.pl\/wp-content\/uploads\/2024\/08\/Gips-polimerowy-65MPa_16.jpg 960w, https:\/\/e-cupstone.pl\/wp-content\/uploads\/2024\/08\/Gips-polimerowy-65MPa_16-225x300.jpg 225w, https:\/\/e-cupstone.pl\/wp-content\/uploads\/2024\/08\/Gips-polimerowy-65MPa_16-768x1024.jpg 768w, https:\/\/e-cupstone.pl\/wp-content\/uploads\/2024\/08\/Gips-polimerowy-65MPa_16-9x12.jpg 9w, https:\/\/e-cupstone.pl\/wp-content\/uploads\/2024\/08\/Gips-polimerowy-65MPa_16-600x800.jpg 600w, https:\/\/e-cupstone.pl\/wp-content\/uploads\/2024\/08\/Gips-polimerowy-65MPa_16-64x85.jpg 64w\" sizes=\"auto, (max-width: 960px) 100vw, 960px\" \/>\n<\/div>\n\n\n\n<div>\n<h2 class=\"gb-text\"><strong>Wie berechne ich die erforderliche Menge an HandiCast Polymergips und Wasser?<\/strong><\/h2>\n\n\n\n<p class=\"gb-text\">Neue Form? Messen Sie das Volumen mit Wasser und berechnen Sie dann die Werte, um die Anteile der Zutaten zu erhalten. Alle Werte sind in Gramm angegeben.<\/p>\n\n\n\n<ul class=\"wp-block-list\">\n<li><strong>X&nbsp;<\/strong>- Volumen gemessen mit Wasser, Gramm<\/li>\n\n\n\n<li><strong>G&nbsp;<\/strong>- Gewicht des Gipses (Pulver), Gramm<\/li>\n\n\n\n<li><strong>W&nbsp;<\/strong>- Wassergewicht, Gramm<\/li>\n\n\n\n<li><strong>G=X*1,66<\/strong><\/li>\n\n\n\n<li><strong>W=G\/4<\/strong><\/li>\n<\/ul>\n\n\n\n<p class=\"gb-text\">F\u00fcr eine schnellere Sch\u00e4tzung des Materialverbrauchs empfehlen wir Ihnen, unseren Rechner zu verwenden, den Sie unter folgender Adresse finden:<br><a href=\"https:\/\/e-cupstone.pl\/de\/gips-kupferstein-rechner\/\" target=\"_blank\" rel=\"noreferrer noopener\"><\/a><\/p>\n\n\n\n<a class=\"gb-text gb-text-9d7cfbe9 button\" href=\"https:\/\/e-cupstone.pl\/de\/gips-kupferstein-rechner\/\" target=\"_blank\" rel=\"noopener\">Zum Taschenrechner gehen<\/a>\n<\/div>\n<\/div>\n\n\n\n<div class=\"gb-element-ea237ac3 grid-2\">\n<div>\n<h2 class=\"gb-text\"><strong><strong><strong>Gesundheit und Sicherheit bei der Arbeit mit HandiCast-Gips:<\/strong><\/strong><\/strong><\/h2>\n\n\n\n<p class=\"gb-text\">Dieser HandiCast-Polymergips ist sicher in der Anwendung, sofern die entsprechenden Vorsichtsma\u00dfnahmen getroffen werden. Tragen Sie Schutzkleidung, Handschuhe und eine Schutzbrille. Unausgeh\u00e4rtete Materialien von Lebensmitteln fernhalten und au\u00dferhalb der Reichweite von Kindern aufbewahren. Sorgen Sie f\u00fcr ausreichende Bel\u00fcftung im Verarbeitungsbereich.<br>Versand 2-3 Tage<br>Kaufen Sie jetzt diesen HandiCast Polymer-Gie\u00dfgips, ideal f\u00fcr den professionellen dekorativen Guss. Reduzieren Sie die Verarbeitungszeit und erzielen Sie hervorragende Ergebnisse. Erh\u00e4ltlich zu einem attraktiven Preis.<\/p>\n\n\n\n<p class=\"gb-text\"><strong>Downloads:<\/strong><\/p>\n\n\n\n<ul class=\"wp-block-list\">\n<li><a href=\"https:\/\/e-cupstone.pl\/wp-content\/uploads\/2026\/04\/E-CUPSTONE_Gips_polimerowy_HandiCast_20260402-4.pdf\" target=\"_blank\" rel=\"noreferrer noopener\">HandiCast Sicherheitsdatenblatt<\/a><\/li>\n<\/ul>\n<\/div>\n\n\n\n<div>\n<img loading=\"lazy\" decoding=\"async\" width=\"960\" height=\"1280\" class=\"gb-media-6cd008c4\" alt=\"Rentier Silikonform f\u00fcr Polymer Gisp\" src=\"https:\/\/e-cupstone.pl\/wp-content\/uploads\/2024\/08\/Gips-polimerowy-65MPa_20.jpg\" title=\"Gips-polimerowy-65MPa_20\" srcset=\"https:\/\/e-cupstone.pl\/wp-content\/uploads\/2024\/08\/Gips-polimerowy-65MPa_20.jpg 960w, https:\/\/e-cupstone.pl\/wp-content\/uploads\/2024\/08\/Gips-polimerowy-65MPa_20-225x300.jpg 225w, https:\/\/e-cupstone.pl\/wp-content\/uploads\/2024\/08\/Gips-polimerowy-65MPa_20-768x1024.jpg 768w, https:\/\/e-cupstone.pl\/wp-content\/uploads\/2024\/08\/Gips-polimerowy-65MPa_20-9x12.jpg 9w, https:\/\/e-cupstone.pl\/wp-content\/uploads\/2024\/08\/Gips-polimerowy-65MPa_20-600x800.jpg 600w, https:\/\/e-cupstone.pl\/wp-content\/uploads\/2024\/08\/Gips-polimerowy-65MPa_20-64x85.jpg 64w\" sizes=\"auto, (max-width: 960px) 100vw, 960px\" \/>\n<\/div>\n<\/div>\n\n\n\n<p><\/p>","protected":false},"excerpt":{"rendered":"<p>HandiCast - gebrauchsfertige trockene Mineral-Polymer-Masse f\u00fcr dekorativen und funktionellen Guss<\/p>","protected":false},"featured_media":759,"comment_status":"open","ping_status":"closed","template":"","meta":{"_acf_changed":true},"product_brand":[42],"product_cat":[25],"product_tag":[],"class_list":{"0":"post-736","1":"product","2":"type-product","3":"status-publish","4":"has-post-thumbnail","6":"product_brand-e-cupstone","7":"product_cat-gipsy","9":"first","10":"instock","11":"taxable","12":"shipping-taxable","13":"purchasable","14":"product-type-variable","15":"has-default-attributes"},"acf":[],"_links":{"self":[{"href":"https:\/\/e-cupstone.pl\/de\/wp-json\/wp\/v2\/product\/736","targetHints":{"allow":["GET"]}}],"collection":[{"href":"https:\/\/e-cupstone.pl\/de\/wp-json\/wp\/v2\/product"}],"about":[{"href":"https:\/\/e-cupstone.pl\/de\/wp-json\/wp\/v2\/types\/product"}],"replies":[{"embeddable":true,"href":"https:\/\/e-cupstone.pl\/de\/wp-json\/wp\/v2\/comments?post=736"}],"wp:featuredmedia":[{"embeddable":true,"href":"https:\/\/e-cupstone.pl\/de\/wp-json\/wp\/v2\/media\/759"}],"wp:attachment":[{"href":"https:\/\/e-cupstone.pl\/de\/wp-json\/wp\/v2\/media?parent=736"}],"wp:term":[{"taxonomy":"product_brand","embeddable":true,"href":"https:\/\/e-cupstone.pl\/de\/wp-json\/wp\/v2\/product_brand?post=736"},{"taxonomy":"product_cat","embeddable":true,"href":"https:\/\/e-cupstone.pl\/de\/wp-json\/wp\/v2\/product_cat?post=736"},{"taxonomy":"product_tag","embeddable":true,"href":"https:\/\/e-cupstone.pl\/de\/wp-json\/wp\/v2\/product_tag?post=736"}],"curies":[{"name":"wp","href":"https:\/\/api.w.org\/{rel}","templated":true}]}}