{"id":68508,"date":"2026-04-04T09:14:34","date_gmt":"2026-04-04T07:14:34","guid":{"rendered":"https:\/\/e-cupstone.pl\/?post_type=product&#038;p=68508"},"modified":"2026-04-17T10:59:42","modified_gmt":"2026-04-17T08:59:42","slug":"handicast-gipspigmente-zerra-lumrix-erweiterte-farbpalette","status":"publish","type":"product","link":"https:\/\/e-cupstone.pl\/de\/produkt\/pigmenty-barwniki-do-gipsow-handicast-zerra-lumrix-rozszerzona-gama-kolorow","title":{"rendered":"Pigmente\/Farbstoffe f\u00fcr HandiCast\/Zerra\/Lumrix-Putz (erweiterte Farbpalette)"},"content":{"rendered":"<div class=\"wp-block-group\"><div class=\"wp-block-group__inner-container is-layout-constrained wp-block-group-is-layout-constrained\">\n<div>\n<h2 class=\"wp-block-heading\">Konzentrierte Farbe f\u00fcr Polymerputz<\/h2>\n\n\n\n<p>Ideal zur Erzielung einer breiten Palette von Farben. Das Produkt zeichnet sich durch seine hohe Best\u00e4ndigkeit gegen Witterungseinfl\u00fcsse, UV-Strahlung und Alkalien aus. Das perfekt dispergierte Pigment gew\u00e4hrleistet eine gleichm\u00e4\u00dfige F\u00e4rbung und eine einfache Dosierung.<\/p>\n<\/div>\n\n\n\n<figure class=\"wp-block-image size-large\"><img loading=\"lazy\" decoding=\"async\" width=\"1024\" height=\"760\" src=\"https:\/\/e-cupstone.pl\/wp-content\/uploads\/2026\/04\/HC-SC-30ml-NEW-v1-1024x760.png\" alt=\"Erweiterte Palette\" class=\"wp-image-68544\" srcset=\"https:\/\/e-cupstone.pl\/wp-content\/uploads\/2026\/04\/HC-SC-30ml-NEW-v1-1024x760.png 1024w, https:\/\/e-cupstone.pl\/wp-content\/uploads\/2026\/04\/HC-SC-30ml-NEW-v1-300x223.png 300w, https:\/\/e-cupstone.pl\/wp-content\/uploads\/2026\/04\/HC-SC-30ml-NEW-v1-768x570.png 768w, https:\/\/e-cupstone.pl\/wp-content\/uploads\/2026\/04\/HC-SC-30ml-NEW-v1-1536x1140.png 1536w, https:\/\/e-cupstone.pl\/wp-content\/uploads\/2026\/04\/HC-SC-30ml-NEW-v1-16x12.png 16w, https:\/\/e-cupstone.pl\/wp-content\/uploads\/2026\/04\/HC-SC-30ml-NEW-v1-600x445.png 600w, https:\/\/e-cupstone.pl\/wp-content\/uploads\/2026\/04\/HC-SC-30ml-NEW-v1-64x47.png 64w, https:\/\/e-cupstone.pl\/wp-content\/uploads\/2026\/04\/HC-SC-30ml-NEW-v1.png 2000w\" sizes=\"auto, (max-width: 1024px) 100vw, 1024px\" \/><\/figure>\n<\/div><\/div>\n\n\n\n<h3 class=\"wp-block-heading\">Erweiterte Farbpalette<\/h3>\n\n\n\n<p>Die breite Farbpalette wurde durch das Mischen von Standardpigmenten in genau festgelegten Verh\u00e4ltnissen erreicht. Dadurch lassen sich einzigartige Farbt\u00f6ne und eine sehr breite Farbpalette erzielen - von intensiv bis pastellig.<\/p>\n\n\n\n<p><strong>Achtung!<\/strong> Die angebotenen Farben sind Mischungen von Basispigmenten. Aufgrund von Dichte- und Gewichtsunterschieden der einzelnen Komponenten kann es bei der Lagerung zu einer nat\u00fcrlichen Schichtung des Produkts kommen.<\/p>\n\n\n\n<p><strong>Das Pigment muss vor der Verwendung sehr gr\u00fcndlich gemischt werden.<\/strong>, um seine Homogenit\u00e4t wiederherzustellen und die richtige Farbwirkung zu erzielen. Ein ungenaues Mischen kann zu Unterschieden im Endfarbton f\u00fchren.<\/p>\n\n\n\n<ul class=\"wp-block-list\">\n<li>Durch Mischen von Basispigmenten erhaltene Farben<\/li>\n\n\n\n<li>M\u00f6glichkeit zur Erstellung individueller Farbt\u00f6ne<\/li>\n\n\n\n<li>Wiederholbarkeit der Farben mit angemessenen Proportionen<\/li>\n\n\n\n<li>Farbstabilit\u00e4t nach korrekter Zubereitung<\/li>\n<\/ul>\n\n\n\n<p><strong>Es wird empfohlen, vor der tats\u00e4chlichen Verwendung einen Anwendungstest durchzuf\u00fchren.<\/strong><\/p>\n\n\n\n<h3 class=\"wp-block-heading\">Wesentliche Merkmale<\/h3>\n\n\n\n<ul class=\"wp-block-list\">\n<li>Fl\u00fcssigpigment f\u00fcr Polymerputz (speziell f\u00fcr HandiCast \/ SnowCast \/ Lumrix \/ Zerra Gips)<\/li>\n\n\n\n<li>Gr\u00fcndlich dispergiert<\/li>\n\n\n\n<li>Erh\u00f6hter Widerstand gegen Sedimentation<\/li>\n\n\n\n<li>Leicht zu dosieren<\/li>\n<\/ul>\n\n\n\n<h3 class=\"wp-block-heading\">Anmeldung<\/h3>\n\n\n\n<ul class=\"wp-block-list\">\n<li>Einf\u00e4rbung von Polymergipsprodukten<\/li>\n\n\n\n<li>Einf\u00e4rben von M\u00f6rteln auf Kalkbasis<\/li>\n<\/ul>\n\n\n\n<h3 class=\"wp-block-heading\">Eigenschaften<\/h3>\n\n\n\n<ul class=\"wp-block-list\">\n<li>Best\u00e4ndig gegen Laugen, Witterungseinfl\u00fcsse und UV-Strahlung<\/li>\n\n\n\n<li>Pr\u00e4zise dispergiertes Pigment in Wasser f\u00fcr gleichm\u00e4\u00dfige F\u00e4rbung<\/li>\n\n\n\n<li>Erm\u00f6glicht die Herstellung reproduzierbarer Farben<\/li>\n<\/ul>\n\n\n\n<h3 class=\"wp-block-heading\">Verpackung<\/h3>\n\n\n\n<ul class=\"wp-block-list\">\n<li>Fassungsverm\u00f6gen: 30 ml<\/li>\n\n\n\n<li>Gewicht: 0,03 kg<\/li>\n<\/ul>\n\n\n\n<h3 class=\"wp-block-heading\">Dosierung<\/h3>\n\n\n\n<ul class=\"wp-block-list\">\n<li>Empfohlen: 0,1 - 2% Polymergipsmasse<\/li>\n\n\n\n<li>Optimal: 0,5 - 0,6% Polymergipsmasse<\/li>\n<\/ul>\n\n\n\n<h3 class=\"wp-block-heading\">Lagerung<\/h3>\n\n\n\n<p>Trocken und dunkel, in geschlossener Verpackung, bei einer Temperatur zwischen 10\u00b0C und 22\u00b0C lagern.<\/p>\n\n\n\n<h3 class=\"wp-block-heading\">Zus\u00e4tzliche Informationen<\/h3>\n\n\n\n<p>Anwendungstechnische Hinweise geben wir nach unserem derzeitigen Kenntnisstand. Dies entbindet Sie jedoch nicht von der Verpflichtung, das Produkt selbst auf seine Eignung f\u00fcr den konkreten Anwendungsfall zu pr\u00fcfen. Anwendung, Verwendung und Verarbeitung der Produkte erfolgen au\u00dferhalb unserer Kontrollm\u00f6glichkeiten und liegen daher ausschlie\u00dflich im Verantwortungsbereich des Anwenders. Wir garantieren f\u00fcr die Qualit\u00e4t unserer Produkte.<\/p>\n\n\n\n<h2 class=\"wp-block-heading\">Downloads:<\/h2>\n\n\n\n<p><a href=\"https:\/\/e-cupstone.pl\/wp-content\/uploads\/2026\/04\/E-CUPSTONE_Barwniki_HS_Chocolate_20260401.pdf\" data-type=\"link\" data-id=\"https:\/\/e-cupstone.pl\/wp-content\/uploads\/2026\/04\/E-CUPSTONE_Barwniki_HS_Chocolate_20260401.pdf\">Sicherheitsdatenblatt Schokolade<\/a><br><a href=\"https:\/\/e-cupstone.pl\/wp-content\/uploads\/2026\/04\/E-CUPSTONE_Barwniki_HS_BUTELKOWA-ZIELEN_20260401.pdf\" data-type=\"link\" data-id=\"https:\/\/e-cupstone.pl\/wp-content\/uploads\/2026\/04\/E-CUPSTONE_Barwniki_HS_BUTELKOWA-ZIELEN_20260401.pdf\">Sicherheitsdatenblatt Flasche gr\u00fcn<\/a><br><a href=\"https:\/\/e-cupstone.pl\/wp-content\/uploads\/2026\/04\/E-CUPSTONE_Barwniki_HS_MIETOWY_20260401.pdf\" data-type=\"link\" data-id=\"https:\/\/e-cupstone.pl\/wp-content\/uploads\/2026\/04\/E-CUPSTONE_Barwniki_HS_MIETOWY_20260401.pdf\">Sicherheitsdatenblatt Mint<\/a><br><a href=\"https:\/\/e-cupstone.pl\/wp-content\/uploads\/2026\/04\/E-CUPSTONE_Barwniki_HS_LAWENDOWY_20260401.pdf\" data-type=\"link\" data-id=\"https:\/\/e-cupstone.pl\/wp-content\/uploads\/2026\/04\/E-CUPSTONE_Barwniki_HS_LAWENDOWY_20260401.pdf\">Sicherheitsdatenblatt Lavendel<\/a><br><a href=\"https:\/\/e-cupstone.pl\/wp-content\/uploads\/2026\/04\/E-CUPSTONE_Barwniki_HS_KHAKI_20260401.pdf\" data-type=\"link\" data-id=\"https:\/\/e-cupstone.pl\/wp-content\/uploads\/2026\/04\/E-CUPSTONE_Barwniki_HS_KHAKI_20260401.pdf\">Sicherheitsdatenblatt Khaki<\/a><br><a href=\"https:\/\/e-cupstone.pl\/wp-content\/uploads\/2026\/04\/E-CUPSTONE_Barwniki_HS_LIMONKOWY_20260401.pdf\" data-type=\"link\" data-id=\"https:\/\/e-cupstone.pl\/wp-content\/uploads\/2026\/04\/E-CUPSTONE_Barwniki_HS_LAWENDOWY_20260401.pdf\">Sicherheitsdatenblatt Kalk<\/a><br><a href=\"https:\/\/e-cupstone.pl\/wp-content\/uploads\/2026\/04\/E-CUPSTONE_Barwniki_HS_SZMARAGDOWY_20260401.pdf\" data-type=\"link\" data-id=\"https:\/\/e-cupstone.pl\/wp-content\/uploads\/2026\/04\/E-CUPSTONE_Barwniki_HS_SZMARAGDOWY_20260401.pdf\">Sicherheitsdatenblatt Smaragd<\/a><br><a href=\"https:\/\/e-cupstone.pl\/wp-content\/uploads\/2026\/04\/E-CUPSTONE_Barwniki_HS_PIASKOWIEC_20260401.pdf\" data-type=\"link\" data-id=\"https:\/\/e-cupstone.pl\/wp-content\/uploads\/2026\/04\/E-CUPSTONE_Barwniki_HS_PIASKOWIEC_20260401.pdf\">Sicherheitsdatenblatt Sandstein<\/a><br><a href=\"https:\/\/e-cupstone.pl\/wp-content\/uploads\/2026\/04\/E-CUPSTONE_Barwniki_HS_BEZOWY_20260401.pdf\" data-type=\"link\" data-id=\"https:\/\/e-cupstone.pl\/wp-content\/uploads\/2026\/04\/E-CUPSTONE_Barwniki_HS_BEZOWY_20260401.pdf\">Sicherheitsdatenblatt Beige<\/a><br><a href=\"https:\/\/e-cupstone.pl\/wp-content\/uploads\/2026\/04\/E-CUPSTONE_Barwniki_HS_SLIWKOWO-BORDOWY_20260401.pdf\" data-type=\"link\" data-id=\"https:\/\/e-cupstone.pl\/wp-content\/uploads\/2026\/04\/E-CUPSTONE_Barwniki_HS_SLIWKOWO-BORDOWY_20260401.pdf\">Sicherheitsdatenblatt Pflaume kastanienbraun<\/a><br><a href=\"https:\/\/e-cupstone.pl\/wp-content\/uploads\/2026\/04\/E-CUPSTONE_Barwniki_HS_CIEMNONIEBIESKI_20260401.pdf\" data-type=\"link\" data-id=\"https:\/\/e-cupstone.pl\/wp-content\/uploads\/2026\/04\/E-CUPSTONE_Barwniki_HS_CIEMNONIEBIESKI_20260401.pdf\">Sicherheitsdatenblatt Dunkelblau<\/a><br><a href=\"https:\/\/e-cupstone.pl\/wp-content\/uploads\/2026\/04\/E-CUPSTONE_Barwniki_HS_BETONOWA-SZAROSC_20260401.pdf\" data-type=\"link\" data-id=\"https:\/\/e-cupstone.pl\/wp-content\/uploads\/2026\/04\/E-CUPSTONE_Barwniki_HS_BETONOWA-SZAROSC_20260401.pdf\">Sicherheitsdatenblatt Betongrau<\/a><br><a href=\"https:\/\/e-cupstone.pl\/wp-content\/uploads\/2026\/04\/E-CUPSTONE_Barwniki_HS_BRZOSKWINIOWY_20260401.pdf\" data-type=\"link\" data-id=\"https:\/\/e-cupstone.pl\/wp-content\/uploads\/2026\/04\/E-CUPSTONE_Barwniki_HS_BRZOSKWINIOWY_20260401.pdf\">Sicherheitsdatenblatt Peach<\/a><br><a href=\"https:\/\/e-cupstone.pl\/wp-content\/uploads\/2026\/04\/E-CUPSTONE_Barwniki_HS_PUDROWY-ROZ_20260401.pdf\" data-type=\"link\" data-id=\"https:\/\/e-cupstone.pl\/wp-content\/uploads\/2026\/04\/E-CUPSTONE_Barwniki_HS_PUDROWY-ROZ_20260401.pdf\">Sicherheitsdatenblatt Puder rosa<\/a><br><a href=\"https:\/\/e-cupstone.pl\/wp-content\/uploads\/2026\/04\/E-CUPSTONE_Barwniki_HS_PASTELOWY-NIEBIESKI_20260401.pdf\" data-type=\"link\" data-id=\"https:\/\/e-cupstone.pl\/wp-content\/uploads\/2026\/04\/E-CUPSTONE_Barwniki_HS_PASTELOWY-NIEBIESKI_20260401.pdf\">Sicherheitsdatenblatt Pastellblau<\/a><\/p>","protected":false},"excerpt":{"rendered":"<p>Konzentriertes Pigment f\u00fcr Polymerputz, das eine intensive und gleichm\u00e4\u00dfige F\u00e4rbung erm\u00f6glicht. <br \/>Die breite Farbpalette, die durch das Mischen von Basispigmenten entsteht, erm\u00f6glicht die Kreation einzigartiger Farbt\u00f6ne. <br \/>UV-, witterungs- und alkalibest\u00e4ndiges Produkt. Vor Gebrauch gr\u00fcndlich mischen.<\/p>","protected":false},"featured_media":68544,"comment_status":"open","ping_status":"closed","template":"","meta":{"_acf_changed":true},"product_brand":[42],"product_cat":[26],"product_tag":[],"class_list":{"0":"post-68508","1":"product","2":"type-product","3":"status-publish","4":"has-post-thumbnail","6":"product_brand-e-cupstone","7":"product_cat-pigmenty","9":"first","10":"instock","11":"taxable","12":"shipping-taxable","13":"purchasable","14":"product-type-variable","15":"has-default-attributes"},"acf":[],"_links":{"self":[{"href":"https:\/\/e-cupstone.pl\/de\/wp-json\/wp\/v2\/product\/68508","targetHints":{"allow":["GET"]}}],"collection":[{"href":"https:\/\/e-cupstone.pl\/de\/wp-json\/wp\/v2\/product"}],"about":[{"href":"https:\/\/e-cupstone.pl\/de\/wp-json\/wp\/v2\/types\/product"}],"replies":[{"embeddable":true,"href":"https:\/\/e-cupstone.pl\/de\/wp-json\/wp\/v2\/comments?post=68508"}],"wp:featuredmedia":[{"embeddable":true,"href":"https:\/\/e-cupstone.pl\/de\/wp-json\/wp\/v2\/media\/68544"}],"wp:attachment":[{"href":"https:\/\/e-cupstone.pl\/de\/wp-json\/wp\/v2\/media?parent=68508"}],"wp:term":[{"taxonomy":"product_brand","embeddable":true,"href":"https:\/\/e-cupstone.pl\/de\/wp-json\/wp\/v2\/product_brand?post=68508"},{"taxonomy":"product_cat","embeddable":true,"href":"https:\/\/e-cupstone.pl\/de\/wp-json\/wp\/v2\/product_cat?post=68508"},{"taxonomy":"product_tag","embeddable":true,"href":"https:\/\/e-cupstone.pl\/de\/wp-json\/wp\/v2\/product_tag?post=68508"}],"curies":[{"name":"wp","href":"https:\/\/api.w.org\/{rel}","templated":true}]}}