{"id":23231,"date":"2025-01-19T12:26:33","date_gmt":"2025-01-19T11:26:33","guid":{"rendered":"https:\/\/e-cupstone.pl\/?post_type=product&#038;p=23231"},"modified":"2026-03-08T15:56:07","modified_gmt":"2026-03-08T14:56:07","slug":"silikonform-fur-einen-behalter-in-form-eines-mannermundes","status":"publish","type":"product","link":"https:\/\/e-cupstone.pl\/de\/produkt\/silikonowa-forma-na-pojemnik-w-ksztalcie-meskich-ust","title":{"rendered":"Silikonform f\u00fcr Beh\u00e4lter in Form eines M\u00e4nnermundes"},"content":{"rendered":"<div class=\"gb-element-81b830bc grid-2\">\n<div>\n<h2 class=\"gb-text\">Silikonform f\u00fcr Beh\u00e4lter in Form eines M\u00e4nnermundes<\/h2>\n\n\n\n<p class=\"gb-text\"><strong>Silikonform f\u00fcr Beh\u00e4lter in Form eines M\u00e4nnermundes<\/strong>\u00a0ist ein unverzichtbares Werkzeug f\u00fcr jeden Liebhaber kreativer Gestaltung und origineller Dekoration. Mit dieser Form k\u00f6nnen Sie ganz einfach stilvolle Beh\u00e4lter aus Gips, Harz, Beton oder anderen Materialien herstellen, die sich perfekt in jedes Interieur einf\u00fcgen. Das originelle Design in Form eines M\u00e4nnermundes verleiht den Beh\u00e4ltern Charakter und zieht die Aufmerksamkeit auf sich, w\u00e4hrend sie gleichzeitig ein funktionelles und \u00e4sthetisches Designelement darstellen. Sie k\u00f6nnen diese einzigartigen Beh\u00e4lter auf vielf\u00e4ltige Weise verwenden: als Kerzenst\u00e4nder, als Organizer f\u00fcr Schmuck, B\u00fcroutensilien oder Kosmetika oder sogar als T\u00f6pfe f\u00fcr kleine Pflanzen. Die Form wurde mit Blick auf Vielseitigkeit und Benutzerfreundlichkeit entwickelt und ist daher sowohl f\u00fcr Anf\u00e4nger als auch f\u00fcr fortgeschrittene Heimwerker die ideale Wahl.<br><a href=\"https:\/\/e-cupstone.pl\/wp-content\/uploads\/2025\/01\/M1.png\"><\/a><\/p>\n\n\n\n<h2 class=\"gb-text\">Warum sollten Sie sich f\u00fcr eine Silikonform in Form eines M\u00e4nnermundes entscheiden?<\/h2>\n\n\n\n<ul class=\"wp-block-list\">\n<li><strong>Einzigartiges Design:<\/strong>\u00a0Der markante, maskuline Mund verleiht den Beh\u00e4ltern einen einzigartigen Charakter, der in moderne und k\u00fcnstlerische Interieurs passt.<\/li>\n\n\n\n<li><strong>Vielseitigkeit:<\/strong>\u00a0Gef\u00e4\u00dfe aus dieser Form k\u00f6nnen viele Funktionen erf\u00fcllen, von Kerzenhaltern bis zu Organizern und Blument\u00f6pfen.<\/li>\n\n\n\n<li><strong>Benutzerfreundlichkeit:<\/strong>\u00a0Das flexible Silikon sorgt daf\u00fcr, dass sich die fertigen Beh\u00e4lter leicht entnehmen lassen, ohne dass die Gefahr einer Besch\u00e4digung besteht.<\/li>\n\n\n\n<li><strong>Beharrlichkeit:<\/strong>\u00a0Die Form ist hitzebest\u00e4ndig und wiederverwendbar, was sie praktisch und umweltfreundlich macht.<\/li>\n\n\n\n<li><strong>Inspiration f\u00fcr Kreativit\u00e4t:<\/strong>\u00a0Die Form gibt Ihnen die M\u00f6glichkeit, einzigartige DIY-Projekte zu kreieren, die eine tolle Erg\u00e4nzung f\u00fcr Ihr Zuhause oder ein originelles Geschenk sein k\u00f6nnen.<\/li>\n\n\n\n<li>Diese Form macht jedes Projekt einzigartig und die fertigen Beh\u00e4lter sind nicht nur praktisch, sondern auch sch\u00f6n.<\/li>\n<\/ul>\n<\/div>\n\n\n\n<div>\n<img loading=\"lazy\" decoding=\"async\" width=\"2048\" height=\"2048\" class=\"gb-media-64ae5c12\" alt=\"Silikonform f\u00fcr Beh\u00e4lter in Form eines M\u00e4nnermundes\" src=\"https:\/\/e-cupstone.pl\/wp-content\/uploads\/2025\/01\/M1.png\" title=\"Silikon-Beh\u00e4lterform in Form eines M\u00e4nnermundes_1\" srcset=\"https:\/\/e-cupstone.pl\/wp-content\/uploads\/2025\/01\/M1.png 2048w, https:\/\/e-cupstone.pl\/wp-content\/uploads\/2025\/01\/M1-300x300.png 300w, https:\/\/e-cupstone.pl\/wp-content\/uploads\/2025\/01\/M1-1024x1024.png 1024w, https:\/\/e-cupstone.pl\/wp-content\/uploads\/2025\/01\/M1-150x150.png 150w, https:\/\/e-cupstone.pl\/wp-content\/uploads\/2025\/01\/M1-768x768.png 768w, https:\/\/e-cupstone.pl\/wp-content\/uploads\/2025\/01\/M1-1536x1536.png 1536w, https:\/\/e-cupstone.pl\/wp-content\/uploads\/2025\/01\/M1-12x12.png 12w, https:\/\/e-cupstone.pl\/wp-content\/uploads\/2025\/01\/M1-60x60.png 60w, https:\/\/e-cupstone.pl\/wp-content\/uploads\/2025\/01\/M1-110x110.png 110w, https:\/\/e-cupstone.pl\/wp-content\/uploads\/2025\/01\/M1-600x600.png 600w, https:\/\/e-cupstone.pl\/wp-content\/uploads\/2025\/01\/M1-100x100.png 100w, https:\/\/e-cupstone.pl\/wp-content\/uploads\/2025\/01\/M1-64x64.png 64w\" sizes=\"auto, (max-width: 2048px) 100vw, 2048px\" \/>\n<\/div>\n<\/div>\n\n\n\n<div class=\"gb-element-a2d06769 grid-2\">\n<div class=\"order-2\">\n<img loading=\"lazy\" decoding=\"async\" width=\"2048\" height=\"2048\" class=\"gb-media-f931a83f\" alt=\"Silikonbeh\u00e4lterform in Form eines M\u00e4nnermundes_3\" src=\"https:\/\/e-cupstone.pl\/wp-content\/uploads\/2025\/01\/M4.png\" title=\"Silikonbeh\u00e4lterform in Form eines M\u00e4nnermundes_4\" srcset=\"https:\/\/e-cupstone.pl\/wp-content\/uploads\/2025\/01\/M4.png 2048w, https:\/\/e-cupstone.pl\/wp-content\/uploads\/2025\/01\/M4-300x300.png 300w, https:\/\/e-cupstone.pl\/wp-content\/uploads\/2025\/01\/M4-1024x1024.png 1024w, https:\/\/e-cupstone.pl\/wp-content\/uploads\/2025\/01\/M4-150x150.png 150w, https:\/\/e-cupstone.pl\/wp-content\/uploads\/2025\/01\/M4-768x768.png 768w, https:\/\/e-cupstone.pl\/wp-content\/uploads\/2025\/01\/M4-1536x1536.png 1536w, https:\/\/e-cupstone.pl\/wp-content\/uploads\/2025\/01\/M4-12x12.png 12w, https:\/\/e-cupstone.pl\/wp-content\/uploads\/2025\/01\/M4-60x60.png 60w, https:\/\/e-cupstone.pl\/wp-content\/uploads\/2025\/01\/M4-110x110.png 110w, https:\/\/e-cupstone.pl\/wp-content\/uploads\/2025\/01\/M4-600x600.png 600w, https:\/\/e-cupstone.pl\/wp-content\/uploads\/2025\/01\/M4-100x100.png 100w, https:\/\/e-cupstone.pl\/wp-content\/uploads\/2025\/01\/M4-64x64.png 64w\" sizes=\"auto, (max-width: 2048px) 100vw, 2048px\" \/>\n<\/div>\n\n\n\n<div>\n<h2 class=\"gb-text\">Produktspezifikationen<\/h2>\n\n\n\n<ul class=\"wp-block-list\">\n<li><strong>Abmessungen des fertigen Containers:<\/strong>\u00a095\u00d765 mm, H\u00f6he 60 mm.<\/li>\n\n\n\n<li><strong>Kapazit\u00e4t:<\/strong>\u00a0150-170 g des Materials.<\/li>\n\n\n\n<li><strong>Zweck:<\/strong>\u00a0Ideal f\u00fcr Gips, Harz, Beton und andere kreative Materialien.<\/li>\n<\/ul>\n\n\n\n<p>Die Form ist leicht zu reinigen und aufzubewahren, so dass sie sich sowohl f\u00fcr den privaten als auch f\u00fcr den professionellen Gebrauch eignet.<\/p>\n\n\n\n<h2 class=\"gb-text\">Eine originelle Geschenkidee<\/h2>\n\n\n\n<p class=\"gb-text\">Sie suchen nach einer Inspiration f\u00fcr ein originelles Geschenk? Ein Beh\u00e4lter in Form eines M\u00e4nnermundes ist die perfekte Wahl f\u00fcr den Valentinstag, Geburtstage oder andere Anl\u00e4sse. Sein ungew\u00f6hnliches Design und seine Vielseitigkeit machen ihn zu einem Geschenk, das praktisch und \u00e4sthetisch zugleich ist. Sie k\u00f6nnen ein fertiges Gef\u00e4\u00df oder eine Form verschenken, die den Beschenkten zu eigenen Bastelprojekten anregt. Es ist die perfekte Art, etwas zu verschenken, das \u00fcberrascht und erfreut.<\/p>\n\n\n\n<h2 class=\"gb-text\">Lassen Sie sich inspirieren und kreieren Sie Dekorationen, die begeistern!<\/h2>\n\n\n\n<p class=\"gb-text\">Die Silikonform in Form eines M\u00e4nnermundes bietet unendliche M\u00f6glichkeiten f\u00fcr Ihre Kreativit\u00e4t. Sie k\u00f6nnen mit verschiedenen Materialien, Farben und Stilen experimentieren und Produkte schaffen, die Ihren Bed\u00fcrfnissen oder dem Geschmack Ihrer Liebsten entsprechen. Dank des originellen Designs passen die fertigen Beh\u00e4lter sowohl in minimalistische als auch in k\u00fcnstlerischere Interieurs.<br>Starten Sie Ihr Abenteuer mit DIY-Projekten und genie\u00dfen Sie die Freude an handgemachten Dekorationen. Diese Form ist die perfekte Wahl f\u00fcr alle, die nach Inspiration, einem Werkzeug zur Entwicklung einer Leidenschaft oder einer Idee f\u00fcr ein einzigartiges Geschenk suchen.<br><br><strong>Kreieren Sie Ihre einzigartigen Projekte, lassen Sie sich inspirieren und teilen Sie sie mit anderen!<br><\/strong><\/p>\n<\/div>\n<\/div>","protected":false},"excerpt":{"rendered":"<p><strong>Silikonform f\u00fcr Beh\u00e4lter in Form eines M\u00e4nnermundes<\/strong> ist das ideale Werkzeug, um einzigartige Dekorationen aus Gips, Harz und Beton herzustellen. Sie kreieren originelle Beh\u00e4lter, die als Kerzenhalter, Blumentopf oder Organizer dienen k\u00f6nnen. Das flexible und haltbare Silikon macht die Arbeit leicht und das einzigartige Design macht diese Beh\u00e4lter zu einer stilvollen Erg\u00e4nzung Ihrer Inneneinrichtung. Eine tolle Geschenkidee, besonders zum Valentinstag!<\/p>","protected":false},"featured_media":23232,"comment_status":"open","ping_status":"closed","template":"","meta":{"_acf_changed":false},"product_brand":[42],"product_cat":[33],"product_tag":[],"class_list":{"0":"post-23231","1":"product","2":"type-product","3":"status-publish","4":"has-post-thumbnail","6":"product_brand-e-cupstone","7":"product_cat-formy-silikonowe","9":"first","10":"instock","11":"taxable","12":"shipping-taxable","13":"purchasable","14":"product-type-simple"},"acf":[],"_links":{"self":[{"href":"https:\/\/e-cupstone.pl\/de\/wp-json\/wp\/v2\/product\/23231","targetHints":{"allow":["GET"]}}],"collection":[{"href":"https:\/\/e-cupstone.pl\/de\/wp-json\/wp\/v2\/product"}],"about":[{"href":"https:\/\/e-cupstone.pl\/de\/wp-json\/wp\/v2\/types\/product"}],"replies":[{"embeddable":true,"href":"https:\/\/e-cupstone.pl\/de\/wp-json\/wp\/v2\/comments?post=23231"}],"wp:featuredmedia":[{"embeddable":true,"href":"https:\/\/e-cupstone.pl\/de\/wp-json\/wp\/v2\/media\/23232"}],"wp:attachment":[{"href":"https:\/\/e-cupstone.pl\/de\/wp-json\/wp\/v2\/media?parent=23231"}],"wp:term":[{"taxonomy":"product_brand","embeddable":true,"href":"https:\/\/e-cupstone.pl\/de\/wp-json\/wp\/v2\/product_brand?post=23231"},{"taxonomy":"product_cat","embeddable":true,"href":"https:\/\/e-cupstone.pl\/de\/wp-json\/wp\/v2\/product_cat?post=23231"},{"taxonomy":"product_tag","embeddable":true,"href":"https:\/\/e-cupstone.pl\/de\/wp-json\/wp\/v2\/product_tag?post=23231"}],"curies":[{"name":"wp","href":"https:\/\/api.w.org\/{rel}","templated":true}]}}