{"id":16259,"date":"2024-11-22T09:25:20","date_gmt":"2024-11-22T08:25:20","guid":{"rendered":"https:\/\/e-cupstone.pl\/?post_type=product&#038;p=16259"},"modified":"2025-12-07T15:53:00","modified_gmt":"2025-12-07T14:53:00","slug":"silikonform-fur-weihnachtsbaum","status":"publish","type":"product","link":"https:\/\/e-cupstone.pl\/de\/produkt\/forma-silikonowa-choinka","title":{"rendered":"Silikonform \u201eWeihnachtsbaum\u201d"},"content":{"rendered":"<div class=\"gb-element-81b830bc grid-2\">\n<div>\n<h2 class=\"gb-text\"><strong>Silikonform \u201eWeihnachtsbaum\u201d (4er Set)<\/strong><\/h2>\n\n\n\n<p class=\"gb-text\">Suchen Sie nach einzigartigen Formen f\u00fcr festliche Dekorationen? Unser <strong>Silikonform \u201eWeihnachtsbaum\u201d<\/strong> ist die ideale L\u00f6sung f\u00fcr alle, die Wert auf Qualit\u00e4t, Langlebigkeit und Komfort legen. Das Set umfasst bis zu <strong>4 Formulare<\/strong>mit dem Sie mehrere G\u00fcsse gleichzeitig zubereiten k\u00f6nnen.<br>Die Form ist aus hochwertigem Silikon gefertigt, das <strong>flexibel, besch\u00e4digungssicher und extrem langlebig<\/strong>. So lassen sich die fertigen Produkte schnell und einfach herausziehen - ohne das Risiko, sie zu besch\u00e4digen.<br>Dar\u00fcber hinaus ist die Silikonform \u201eWeihnachtsbaum\u201d f\u00fcr einen gro\u00dfen Temperaturbereich geeignet: von <strong>-60\u00b0C bis +250\u00b0C<\/strong>. Das bedeutet, dass Sie ihn f\u00fcr Gips-, Beton- und Harzabg\u00fcsse sowie zum Backen verwenden k\u00f6nnen - zum Beispiel f\u00fcr Lebkuchen oder Pralinen in Form eines Weihnachtsbaums.<br><strong>Fassungsverm\u00f6gen des Kits:<\/strong> mit Lumrix-Gips <strong>alle 4 Formen zusammen fassen etwa 1,2 kg Gips<\/strong>.<br><br><\/p>\n<\/div>\n\n\n\n<div>\n<figure class=\"wp-block-image size-large\"><img loading=\"lazy\" decoding=\"async\" width=\"1024\" height=\"1024\" src=\"https:\/\/e-cupstone.pl\/wp-content\/uploads\/2024\/11\/2-1024x1024.png\" alt=\"\" class=\"wp-image-44768\" srcset=\"https:\/\/e-cupstone.pl\/wp-content\/uploads\/2024\/11\/2-1024x1024.png 1024w, https:\/\/e-cupstone.pl\/wp-content\/uploads\/2024\/11\/2-300x300.png 300w, https:\/\/e-cupstone.pl\/wp-content\/uploads\/2024\/11\/2-150x150.png 150w, https:\/\/e-cupstone.pl\/wp-content\/uploads\/2024\/11\/2-768x768.png 768w, https:\/\/e-cupstone.pl\/wp-content\/uploads\/2024\/11\/2-1536x1536.png 1536w, https:\/\/e-cupstone.pl\/wp-content\/uploads\/2024\/11\/2-12x12.png 12w, https:\/\/e-cupstone.pl\/wp-content\/uploads\/2024\/11\/2-110x110.png 110w, https:\/\/e-cupstone.pl\/wp-content\/uploads\/2024\/11\/2-60x60.png 60w, https:\/\/e-cupstone.pl\/wp-content\/uploads\/2024\/11\/2-600x600.png 600w, https:\/\/e-cupstone.pl\/wp-content\/uploads\/2024\/11\/2-100x100.png 100w, https:\/\/e-cupstone.pl\/wp-content\/uploads\/2024\/11\/2-64x64.png 64w, https:\/\/e-cupstone.pl\/wp-content\/uploads\/2024\/11\/2.png 1900w\" sizes=\"auto, (max-width: 1024px) 100vw, 1024px\" \/><\/figure>\n<\/div>\n<\/div>\n\n\n\n<div class=\"gb-element-2463a4de\">\n<figure class=\"wp-block-image size-large\"><img loading=\"lazy\" decoding=\"async\" width=\"1024\" height=\"1024\" src=\"https:\/\/e-cupstone.pl\/wp-content\/uploads\/2024\/11\/6-1024x1024.png\" alt=\"\" class=\"wp-image-44775\" srcset=\"https:\/\/e-cupstone.pl\/wp-content\/uploads\/2024\/11\/6-1024x1024.png 1024w, https:\/\/e-cupstone.pl\/wp-content\/uploads\/2024\/11\/6-300x300.png 300w, https:\/\/e-cupstone.pl\/wp-content\/uploads\/2024\/11\/6-150x150.png 150w, https:\/\/e-cupstone.pl\/wp-content\/uploads\/2024\/11\/6-768x768.png 768w, https:\/\/e-cupstone.pl\/wp-content\/uploads\/2024\/11\/6.png 1900w\" sizes=\"auto, (max-width: 1024px) 100vw, 1024px\" \/><\/figure>\n\n\n\n<div>\n<h2 class=\"gb-text\">Warum diese Form w\u00e4hlen?<\/h2>\n\n\n\n<p class=\"gb-text\"><strong>Universeller Einsatz<\/strong> - Ideal f\u00fcr Gipsabdr\u00fccke, Beton, Seife, Kerzen und auch zum Backen.<br><strong>Langlebigkeit und Flexibilit\u00e4t<\/strong> - Das hochwertige Silikon garantiert eine lange Lebensdauer der Form.<br><strong>Benutzerfreundlichkeit<\/strong> - problemloser Abtransport der fertigen Produkte.<br><strong>Sicher in einem breiten Temperaturbereich<\/strong> - vom Einfrieren bis zum Backen.<br>Mit diesem Formular bereiten Sie <strong>originelle Weihnachtsdekorationen, einzigartige handgefertigte Geschenke und einzigartige Dekorationen f\u00fcr das Haus<\/strong>.<\/p>\n<\/div>\n\n\n\n<figure class=\"wp-block-image size-full\"><img loading=\"lazy\" decoding=\"async\" width=\"919\" height=\"920\" src=\"https:\/\/e-cupstone.pl\/wp-content\/uploads\/2024\/11\/Choinka2226.png\" alt=\"\" class=\"wp-image-44810\" srcset=\"https:\/\/e-cupstone.pl\/wp-content\/uploads\/2024\/11\/Choinka2226.png 919w, https:\/\/e-cupstone.pl\/wp-content\/uploads\/2024\/11\/Choinka2226-300x300.png 300w, https:\/\/e-cupstone.pl\/wp-content\/uploads\/2024\/11\/Choinka2226-150x150.png 150w, https:\/\/e-cupstone.pl\/wp-content\/uploads\/2024\/11\/Choinka2226-768x769.png 768w, https:\/\/e-cupstone.pl\/wp-content\/uploads\/2024\/11\/Choinka2226-12x12.png 12w, https:\/\/e-cupstone.pl\/wp-content\/uploads\/2024\/11\/Choinka2226-110x110.png 110w, https:\/\/e-cupstone.pl\/wp-content\/uploads\/2024\/11\/Choinka2226-60x60.png 60w, https:\/\/e-cupstone.pl\/wp-content\/uploads\/2024\/11\/Choinka2226-600x601.png 600w, https:\/\/e-cupstone.pl\/wp-content\/uploads\/2024\/11\/Choinka2226-100x100.png 100w, https:\/\/e-cupstone.pl\/wp-content\/uploads\/2024\/11\/Choinka2226-64x64.png 64w\" sizes=\"auto, (max-width: 919px) 100vw, 919px\" \/><\/figure>\n\n\n\n<div>\n<h2 class=\"gb-text\">Technische Daten der Gussteile (auf der Grundlage des Wachsabgusses)<\/h2>\n\n\n\n<p class=\"gb-text\"><strong>Formular 1<\/strong><br>H\u00f6he: 70 mm<br>Breite: 65 mm<br><strong>Formular 2<\/strong><br>H\u00f6he: 40 mm<br>Breite: 90 mm<br><strong>Volumen: ca. 30 g Wachs<\/strong><br><strong>Formular 3<\/strong><br>H\u00f6he: 42 mm<br>Breite: 120 mm<br><strong>Volumen: ca. 80 g Wachs<\/strong><br><strong>Formular 4<\/strong><br>H\u00f6he: 43 mm<br>Breite: 140 mm<br><strong>Fassungsverm\u00f6gen: ca. 155 g Wachs<\/strong><\/p>\n<\/div>\n<\/div>\n\n\n\n<figure class=\"wp-block-gallery has-nested-images columns-default is-cropped wp-block-gallery-1 is-layout-flex wp-block-gallery-is-layout-flex\">\n<figure class=\"wp-block-image\"><img loading=\"lazy\" decoding=\"async\" width=\"1900\" height=\"1900\" data-id=\"44771\" src=\"https:\/\/e-cupstone.pl\/wp-content\/uploads\/2024\/11\/3-1.png\" alt=\"\" class=\"wp-image-44771\" srcset=\"https:\/\/e-cupstone.pl\/wp-content\/uploads\/2024\/11\/3-1.png 1900w, https:\/\/e-cupstone.pl\/wp-content\/uploads\/2024\/11\/3-1-300x300.png 300w, https:\/\/e-cupstone.pl\/wp-content\/uploads\/2024\/11\/3-1-1024x1024.png 1024w, https:\/\/e-cupstone.pl\/wp-content\/uploads\/2024\/11\/3-1-150x150.png 150w, https:\/\/e-cupstone.pl\/wp-content\/uploads\/2024\/11\/3-1-768x768.png 768w\" sizes=\"auto, (max-width: 1900px) 100vw, 1900px\" \/><\/figure>\n\n\n\n<figure class=\"wp-block-image\"><img loading=\"lazy\" decoding=\"async\" width=\"1900\" height=\"1900\" data-id=\"44773\" src=\"https:\/\/e-cupstone.pl\/wp-content\/uploads\/2024\/11\/4-1.png\" alt=\"\" class=\"wp-image-44773\" srcset=\"https:\/\/e-cupstone.pl\/wp-content\/uploads\/2024\/11\/4-1.png 1900w, https:\/\/e-cupstone.pl\/wp-content\/uploads\/2024\/11\/4-1-300x300.png 300w, https:\/\/e-cupstone.pl\/wp-content\/uploads\/2024\/11\/4-1-1024x1024.png 1024w, https:\/\/e-cupstone.pl\/wp-content\/uploads\/2024\/11\/4-1-150x150.png 150w, https:\/\/e-cupstone.pl\/wp-content\/uploads\/2024\/11\/4-1-768x768.png 768w\" sizes=\"auto, (max-width: 1900px) 100vw, 1900px\" \/><\/figure>\n\n\n\n<figure class=\"wp-block-image\"><img loading=\"lazy\" decoding=\"async\" width=\"1900\" height=\"1900\" data-id=\"44774\" src=\"https:\/\/e-cupstone.pl\/wp-content\/uploads\/2024\/11\/5.png\" alt=\"\" class=\"wp-image-44774\" srcset=\"https:\/\/e-cupstone.pl\/wp-content\/uploads\/2024\/11\/5.png 1900w, https:\/\/e-cupstone.pl\/wp-content\/uploads\/2024\/11\/5-300x300.png 300w, https:\/\/e-cupstone.pl\/wp-content\/uploads\/2024\/11\/5-1024x1024.png 1024w, https:\/\/e-cupstone.pl\/wp-content\/uploads\/2024\/11\/5-150x150.png 150w, https:\/\/e-cupstone.pl\/wp-content\/uploads\/2024\/11\/5-768x768.png 768w\" sizes=\"auto, (max-width: 1900px) 100vw, 1900px\" \/><\/figure>\n<\/figure>","protected":false},"excerpt":{"rendered":"<p>Silikonform Weihnachtsbaum<\/p>","protected":false},"featured_media":44768,"comment_status":"open","ping_status":"closed","template":"","meta":{"_acf_changed":false},"product_brand":[42],"product_cat":[33],"product_tag":[],"class_list":{"0":"post-16259","1":"product","2":"type-product","3":"status-publish","4":"has-post-thumbnail","6":"product_brand-e-cupstone","7":"product_cat-formy-silikonowe","9":"first","10":"instock","11":"taxable","12":"shipping-taxable","13":"purchasable","14":"product-type-simple"},"acf":[],"_links":{"self":[{"href":"https:\/\/e-cupstone.pl\/de\/wp-json\/wp\/v2\/product\/16259","targetHints":{"allow":["GET"]}}],"collection":[{"href":"https:\/\/e-cupstone.pl\/de\/wp-json\/wp\/v2\/product"}],"about":[{"href":"https:\/\/e-cupstone.pl\/de\/wp-json\/wp\/v2\/types\/product"}],"replies":[{"embeddable":true,"href":"https:\/\/e-cupstone.pl\/de\/wp-json\/wp\/v2\/comments?post=16259"}],"wp:featuredmedia":[{"embeddable":true,"href":"https:\/\/e-cupstone.pl\/de\/wp-json\/wp\/v2\/media\/44768"}],"wp:attachment":[{"href":"https:\/\/e-cupstone.pl\/de\/wp-json\/wp\/v2\/media?parent=16259"}],"wp:term":[{"taxonomy":"product_brand","embeddable":true,"href":"https:\/\/e-cupstone.pl\/de\/wp-json\/wp\/v2\/product_brand?post=16259"},{"taxonomy":"product_cat","embeddable":true,"href":"https:\/\/e-cupstone.pl\/de\/wp-json\/wp\/v2\/product_cat?post=16259"},{"taxonomy":"product_tag","embeddable":true,"href":"https:\/\/e-cupstone.pl\/de\/wp-json\/wp\/v2\/product_tag?post=16259"}],"curies":[{"name":"wp","href":"https:\/\/api.w.org\/{rel}","templated":true}]}}