{"id":1063,"date":"2024-08-01T16:35:36","date_gmt":"2024-08-01T16:35:36","guid":{"rendered":"https:\/\/e-cupstone.pl\/?post_type=product&#038;p=1063"},"modified":"2026-04-16T12:49:16","modified_gmt":"2026-04-16T10:49:16","slug":"ruhrer-fur-polymerputz-und-schalenstein","status":"publish","type":"product","link":"https:\/\/e-cupstone.pl\/de\/produkt\/mieszadlo-do-gipsu-polimerowego-e-cupstone","title":{"rendered":"E-CUPSTONE Polymer-Putzmischer"},"content":{"rendered":"<div class=\"gb-element-81b830bc grid-2\">\n<div>\n<h2 class=\"gb-text\">\u2b50 E-CUPSTONE Mixer f\u00fcr Polymerputz - Effektives Mischen ohne Bel\u00fcftung \u2b50 \u2b50 E-CUPSTONE Mixer f\u00fcr Polymerputz - Effektives Mischen ohne Bel\u00fcftung \u2b50 \u2b50 E-CUPSTONE Mixer f\u00fcr Polymerputz<\/h2>\n\n\n\n<p class=\"gb-text\"><strong>E-CUPSTONE-R\u00fchrwerk<\/strong>\u00a0ist speziell f\u00fcr das Mischen konzipiert\u00a0<strong>Polymergips<\/strong>Dadurch wird eine gleichm\u00e4\u00dfige Konsistenz gew\u00e4hrleistet, ohne dass Luft in die Mischung gelangt. Hergestellt aus\u00a0<strong>langlebiger Edelstahl<\/strong>ist mit Bohrern und Schraubenziehern kompatibel und damit das ideale Werkzeug f\u00fcr das pr\u00e4zise Mischen von Gips und anderen Materialien wie Silikonen und Harzen.<\/p>\n\n\n\n<h2 class=\"gb-text\">\u2705 Technische Daten<\/h2>\n\n\n\n<ul class=\"wp-block-list\">\n<li><strong>Durchmesser des Mischers<\/strong>: 65 mm<\/li>\n\n\n\n<li><strong>L\u00e4nge<\/strong>: 200 mm<\/li>\n\n\n\n<li><strong>Montage<\/strong>: fi8<\/li>\n\n\n\n<li><strong>Material<\/strong>Edelstahl<\/li>\n\n\n\n<li><strong>Gewicht<\/strong>: 136 g<\/li>\n\n\n\n<li><strong>Kompatibilit\u00e4t<\/strong>: passt f\u00fcr die meisten\u00a0<strong>Standardbohrer<\/strong><\/li>\n<\/ul>\n\n\n\n<p class=\"gb-text\">Dank seiner robusten Konstruktion,\u00a0<strong>E-CUPSTONE-R\u00fchrwerk<\/strong>\u00a0ist langlebig und korrosionsbest\u00e4ndig, so dass eine langfristige Nutzung ohne Angst vor Sch\u00e4den gew\u00e4hrleistet ist.<\/p>\n\n\n\n<h2 class=\"gb-text\">\u2705 Pr\u00e4zises Mischen ohne Bel\u00fcftung<\/h2>\n\n\n\n<p class=\"gb-text\">Einzigartig\u00a0<strong>Lamellenkonstruktion<\/strong>\u00a0Das E-CUPSTONE-R\u00fchrwerk erm\u00f6glicht eine effiziente\u00a0<strong>Mischgut ohne Bel\u00fcftung<\/strong>was bei der Herstellung von Gipsen, die eine gleichm\u00e4\u00dfige und glatte Textur erfordern, entscheidend ist. Dies macht das Produkt ideal f\u00fcr diejenigen, die Luftblasen in ihren Endprodukten vermeiden wollen.<\/p>\n<\/div>\n\n\n\n<div>\n<img loading=\"lazy\" decoding=\"async\" width=\"1680\" height=\"1680\" class=\"gb-media-64ae5c12\" alt=\"\" src=\"https:\/\/e-cupstone.pl\/wp-content\/uploads\/2024\/08\/Mieszadlo-do-Gipsu-Polimerowego-E-CUPSTONE-Stal-Nierdzewna-65mm.jpeg\" title=\"Mischer-Mischung-f\u00fcr-Polymer-Gips-E-CUPSTONE-Edelstahl-65mm\" srcset=\"https:\/\/e-cupstone.pl\/wp-content\/uploads\/2024\/08\/Mieszadlo-do-Gipsu-Polimerowego-E-CUPSTONE-Stal-Nierdzewna-65mm.jpeg 1680w, https:\/\/e-cupstone.pl\/wp-content\/uploads\/2024\/08\/Mieszadlo-do-Gipsu-Polimerowego-E-CUPSTONE-Stal-Nierdzewna-65mm-300x300.jpeg 300w, https:\/\/e-cupstone.pl\/wp-content\/uploads\/2024\/08\/Mieszadlo-do-Gipsu-Polimerowego-E-CUPSTONE-Stal-Nierdzewna-65mm-1024x1024.jpeg 1024w, https:\/\/e-cupstone.pl\/wp-content\/uploads\/2024\/08\/Mieszadlo-do-Gipsu-Polimerowego-E-CUPSTONE-Stal-Nierdzewna-65mm-150x150.jpeg 150w, https:\/\/e-cupstone.pl\/wp-content\/uploads\/2024\/08\/Mieszadlo-do-Gipsu-Polimerowego-E-CUPSTONE-Stal-Nierdzewna-65mm-768x768.jpeg 768w, https:\/\/e-cupstone.pl\/wp-content\/uploads\/2024\/08\/Mieszadlo-do-Gipsu-Polimerowego-E-CUPSTONE-Stal-Nierdzewna-65mm-1536x1536.jpeg 1536w, https:\/\/e-cupstone.pl\/wp-content\/uploads\/2024\/08\/Mieszadlo-do-Gipsu-Polimerowego-E-CUPSTONE-Stal-Nierdzewna-65mm-12x12.jpeg 12w, https:\/\/e-cupstone.pl\/wp-content\/uploads\/2024\/08\/Mieszadlo-do-Gipsu-Polimerowego-E-CUPSTONE-Stal-Nierdzewna-65mm-110x110.jpeg 110w, https:\/\/e-cupstone.pl\/wp-content\/uploads\/2024\/08\/Mieszadlo-do-Gipsu-Polimerowego-E-CUPSTONE-Stal-Nierdzewna-65mm-60x60.jpeg 60w, https:\/\/e-cupstone.pl\/wp-content\/uploads\/2024\/08\/Mieszadlo-do-Gipsu-Polimerowego-E-CUPSTONE-Stal-Nierdzewna-65mm-600x600.jpeg 600w, https:\/\/e-cupstone.pl\/wp-content\/uploads\/2024\/08\/Mieszadlo-do-Gipsu-Polimerowego-E-CUPSTONE-Stal-Nierdzewna-65mm-100x100.jpeg 100w, https:\/\/e-cupstone.pl\/wp-content\/uploads\/2024\/08\/Mieszadlo-do-Gipsu-Polimerowego-E-CUPSTONE-Stal-Nierdzewna-65mm-64x64.jpeg 64w\" sizes=\"auto, (max-width: 1680px) 100vw, 1680px\" \/>\n<\/div>\n<\/div>\n\n\n\n<div class=\"gb-element-fcc2c061 grid-2\">\n<div class=\"order-2\">\n<img loading=\"lazy\" decoding=\"async\" width=\"1440\" height=\"1440\" class=\"gb-media-b01d3e82\" alt=\"\" src=\"https:\/\/e-cupstone.pl\/wp-content\/uploads\/2024\/08\/Mieszadlo-do-Gipsu-Polimerowego-E-CUPSTONE-Stal-Nierdzewna-65mm-Marka-e-cupstone.jpeg\" title=\"R\u00fchrer-zu-Gips-Polymer-E-Becherstein-Edelstahl-65mm-Brand-E-Becherstein\" srcset=\"https:\/\/e-cupstone.pl\/wp-content\/uploads\/2024\/08\/Mieszadlo-do-Gipsu-Polimerowego-E-CUPSTONE-Stal-Nierdzewna-65mm-Marka-e-cupstone.jpeg 1440w, https:\/\/e-cupstone.pl\/wp-content\/uploads\/2024\/08\/Mieszadlo-do-Gipsu-Polimerowego-E-CUPSTONE-Stal-Nierdzewna-65mm-Marka-e-cupstone-300x300.jpeg 300w, https:\/\/e-cupstone.pl\/wp-content\/uploads\/2024\/08\/Mieszadlo-do-Gipsu-Polimerowego-E-CUPSTONE-Stal-Nierdzewna-65mm-Marka-e-cupstone-1024x1024.jpeg 1024w, https:\/\/e-cupstone.pl\/wp-content\/uploads\/2024\/08\/Mieszadlo-do-Gipsu-Polimerowego-E-CUPSTONE-Stal-Nierdzewna-65mm-Marka-e-cupstone-150x150.jpeg 150w, https:\/\/e-cupstone.pl\/wp-content\/uploads\/2024\/08\/Mieszadlo-do-Gipsu-Polimerowego-E-CUPSTONE-Stal-Nierdzewna-65mm-Marka-e-cupstone-768x768.jpeg 768w, https:\/\/e-cupstone.pl\/wp-content\/uploads\/2024\/08\/Mieszadlo-do-Gipsu-Polimerowego-E-CUPSTONE-Stal-Nierdzewna-65mm-Marka-e-cupstone-12x12.jpeg 12w, https:\/\/e-cupstone.pl\/wp-content\/uploads\/2024\/08\/Mieszadlo-do-Gipsu-Polimerowego-E-CUPSTONE-Stal-Nierdzewna-65mm-Marka-e-cupstone-110x110.jpeg 110w, https:\/\/e-cupstone.pl\/wp-content\/uploads\/2024\/08\/Mieszadlo-do-Gipsu-Polimerowego-E-CUPSTONE-Stal-Nierdzewna-65mm-Marka-e-cupstone-60x60.jpeg 60w, https:\/\/e-cupstone.pl\/wp-content\/uploads\/2024\/08\/Mieszadlo-do-Gipsu-Polimerowego-E-CUPSTONE-Stal-Nierdzewna-65mm-Marka-e-cupstone-600x600.jpeg 600w, https:\/\/e-cupstone.pl\/wp-content\/uploads\/2024\/08\/Mieszadlo-do-Gipsu-Polimerowego-E-CUPSTONE-Stal-Nierdzewna-65mm-Marka-e-cupstone-100x100.jpeg 100w, https:\/\/e-cupstone.pl\/wp-content\/uploads\/2024\/08\/Mieszadlo-do-Gipsu-Polimerowego-E-CUPSTONE-Stal-Nierdzewna-65mm-Marka-e-cupstone-64x64.jpeg 64w\" sizes=\"auto, (max-width: 1440px) 100vw, 1440px\" \/>\n<\/div>\n\n\n\n<div>\n<h2 class=\"gb-text\">\u2705 Vielseitiger Einsatz<\/h2>\n\n\n\n<p class=\"gb-text\"><strong>E-CUPSTONE-R\u00fchrwerk<\/strong>\u00a0ist nicht nur ideal f\u00fcr\u00a0<strong>Polymergips<\/strong>sondern auch f\u00fcr\u00a0<strong>Silikone und Harze<\/strong>und sorgt f\u00fcr minimale Bel\u00fcftung. F\u00fcr noch bessere Ergebnisse wird empfohlen, nach dem Mischen eine Vakuumentl\u00fcftung zu verwenden.<\/p>\n\n\n\n<h2 class=\"gb-text\">\u2705 Leicht zu reinigen<\/h2>\n\n\n\n<p class=\"gb-text\">Sobald das Mischen abgeschlossen ist,\u00a0<strong>Reinigung<\/strong>\u00a0Das R\u00fchrwerk l\u00e4sst sich schnell und einfach mit Wasser aussp\u00fclen, wodurch das Ger\u00e4t lange Zeit in hervorragendem Zustand bleibt.<\/p>\n\n\n\n<p class=\"gb-text\"><strong>Der E-CUPSTONE-Polymergipsmischer ist ein Werkzeug zum einfachen und pr\u00e4zisen Mischen ohne Bel\u00fcftung - perfekt f\u00fcr professionelle und private Anwendungen.\u2b50<\/strong><\/p>\n<\/div>\n<\/div>","protected":false},"excerpt":{"rendered":"<p>\u2b50 Mieszad\u0142o E-CUPSTONE do Gipsu Polimerowego \u2013 Skuteczne Mieszanie Bez Napowietrzania \u2b50 Mieszad\u0142o E-CUPSTONE\u00a0zosta\u0142o zaprojektowane specjalnie do mieszania\u00a0gipsu polimerowego, zapewniaj\u0105c r\u00f3wnomiern\u0105 konsystencj\u0119 bez wprowadzania powietrza do mieszanki. Wykonane z\u00a0wytrzyma\u0142ej stali nierdzewnej, jest kompatybilne z wiertarkami i wkr\u0119tarkami, co czyni je idealnym narz\u0119dziem do precyzyjnego mieszania gips\u00f3w i innych materia\u0142\u00f3w, takich jak silikony i \u017cywice. \u2705 [&hellip;]<\/p>\n","protected":false},"featured_media":1067,"comment_status":"open","ping_status":"closed","template":"","meta":{"_acf_changed":false},"product_brand":[42],"product_cat":[24],"product_tag":[],"class_list":{"0":"post-1063","1":"product","2":"type-product","3":"status-publish","4":"has-post-thumbnail","6":"product_brand-e-cupstone","7":"product_cat-materialy-dodatkowe","9":"first","10":"instock","11":"taxable","12":"shipping-taxable","13":"purchasable","14":"product-type-simple"},"acf":[],"_links":{"self":[{"href":"https:\/\/e-cupstone.pl\/de\/wp-json\/wp\/v2\/product\/1063","targetHints":{"allow":["GET"]}}],"collection":[{"href":"https:\/\/e-cupstone.pl\/de\/wp-json\/wp\/v2\/product"}],"about":[{"href":"https:\/\/e-cupstone.pl\/de\/wp-json\/wp\/v2\/types\/product"}],"replies":[{"embeddable":true,"href":"https:\/\/e-cupstone.pl\/de\/wp-json\/wp\/v2\/comments?post=1063"}],"wp:featuredmedia":[{"embeddable":true,"href":"https:\/\/e-cupstone.pl\/de\/wp-json\/wp\/v2\/media\/1067"}],"wp:attachment":[{"href":"https:\/\/e-cupstone.pl\/de\/wp-json\/wp\/v2\/media?parent=1063"}],"wp:term":[{"taxonomy":"product_brand","embeddable":true,"href":"https:\/\/e-cupstone.pl\/de\/wp-json\/wp\/v2\/product_brand?post=1063"},{"taxonomy":"product_cat","embeddable":true,"href":"https:\/\/e-cupstone.pl\/de\/wp-json\/wp\/v2\/product_cat?post=1063"},{"taxonomy":"product_tag","embeddable":true,"href":"https:\/\/e-cupstone.pl\/de\/wp-json\/wp\/v2\/product_tag?post=1063"}],"curies":[{"name":"wp","href":"https:\/\/api.w.org\/{rel}","templated":true}]}}